{"id":148,"date":"2021-08-06T09:39:06","date_gmt":"2021-08-06T09:39:06","guid":{"rendered":"https:\/\/www.pizzerie-jasany.cz\/?page_id=148"},"modified":"2022-08-31T10:02:23","modified_gmt":"2022-08-31T10:02:23","slug":"sluzby","status":"publish","type":"page","link":"https:\/\/www.pizzerie-jasany.cz\/index.php\/sluzby\/","title":{"rendered":"Slu\u017eby"},"content":{"rendered":"<section data-id=\"4ec7278\" data-element_type=\"section\">\n<h3>Soukrom\u00e9 a firemn\u00ed akce, \u0161kolen\u00ed<\/h3>\n<\/section>\n<section data-id=\"15eecfd\" data-element_type=\"section\">\n<p>Chyst\u00e1te oslavu narozenin, setk\u00e1n\u00ed s p\u0159\u00e1teli nebo pl\u00e1nujete svatebn\u00ed hostinu \u0161itou na m\u00edru?<br \/>Pot\u0159ebujete pro Va\u0161i firmu uspo\u0159\u00e1dat \u0161kolen\u00ed, semin\u00e1\u0159 \u010di team building?<br \/>V\u0161e pro V\u00e1s r\u00e1di p\u0159iprav\u00edme:<br \/>serv\u00edrovan\u00e9 \u010di rautov\u00e9 poho\u0161t\u011bn\u00ed<br \/>slavnostn\u00ed tabule s kv\u011btinovou v\u00fdzdobou<br \/>Coffee breaks menu<br \/>\u0159\u00edzen\u00e9 degustace v\u00edna<\/p>\n<p>Nab\u00eddnout V\u00e1m m\u016f\u017eeme :<br \/>Skupina do 20 osob<br \/>Skupina do 50 osob<\/p>\n<p>Oba prostory vybaveny projek\u010dn\u00edm pl\u00e1tnem, LED projektorem a samostatn\u00fdm barem<br \/>K dispozici velk\u00e9 neplacen\u00e9 parkovi\u0161t\u011b (i pro autobusy)<\/p>\n<\/section>\n<section data-id=\"b72f8b2\" data-element_type=\"section\">\u00a0<\/section>\n<section data-id=\"8fd690d\" data-element_type=\"section\">\n<h3>Catering<\/h3>\n<\/section>\n<section data-id=\"c8dd172\" data-element_type=\"section\">\n<p>Chcete si u\u017e\u00edt oslavu z pohodl\u00ed domova bez zbyte\u010dn\u00fdch starost\u00ed nebo uspo\u0159\u00e1dat t\u0159eba zahradn\u00ed p\u00e1rty a<br \/>nemuset \u0159e\u0161it ob\u010derstven\u00ed? Serv\u00edrovan\u00e1 j\u00eddla, tepl\u00fd i studen\u00fd raut, mou\u010dn\u00edky a mnoho dal\u0161\u00edho \u2013 v\u0161e pro V\u00e1s<br \/>r\u00e1di nachyst\u00e1me a a\u017e k V\u00e1m p\u0159ivezeme. Info : +420 777 971 610<\/p>\n<\/section>\n<section data-id=\"7294ec2\" data-element_type=\"section\">\u00a0<\/section>\n<section data-id=\"ee22232\" data-element_type=\"section\">\n<h3>Degustace<\/h3>\n<\/section>\n<section data-id=\"40107d5\" data-element_type=\"section\">\n<p>\u0158\u00edzen\u00e9 degustace prov\u00e1d\u00edme s profesion\u00e1ln\u00edm degust\u00e1torem, nab\u00eddka v\u00edn je z vina\u0159stv\u00ed :<br \/>Vinice Hnanice, Znov\u00edn, Pi\u00e1lek &amp; J\u00e4ger, \u0160palek, Vina\u0159stv\u00ed Klu\u010dov \u2013 v\u00edna U T\u0159\u00ed jasan\u016f<\/p>\n<p><b>Men\u0161\u00ed degustace<\/b><br \/>nejmen\u0161\u00ed po\u010det host\u016f : 10<br \/>doba trv\u00e1n\u00ed : max 1hodina<br \/>po\u010det vzork\u016f : 6<br \/>Cena je 250,-K\u010d\/osobu v\u010detn\u011b degusta\u010dn\u00edho sousta<\/p>\n<p><b>Klasick\u00e1 degustace<\/b><br \/>nejmen\u0161\u00ed po\u010det host\u016f : 10<br \/>doba trv\u00e1n\u00ed : 2 hod<br \/>po\u010det vzork\u016f : 9<br \/>Cena je 370,-K\u010d\/osobu v\u010detn\u011b degusta\u010dn\u00edho sousta<\/p>\n<p><b>Celove\u010dern\u00ed degustace s rautem<\/b><br \/>kapacita osob salonek U T\u0159\u00ed jasan\u016f : 20<br \/>kapacita osob Hotel Schaller : 50<br \/>doba trv\u00e1n\u00ed : 4 hod<br \/>po\u010det vzork\u016f : 12<br \/>Cena je 700,-K\u010d\/osobu (mo\u017enost vyu\u017eit\u00ed bal\u00ed\u010dku obsahuj\u00edc\u00edho i ubytov\u00e1n\u00ed)<\/p>\n<\/section>\n<section data-id=\"b62d0bd\" data-element_type=\"section\">\u00a0<\/section>\n<section data-id=\"13ec3c1\" data-element_type=\"section\">\n<h3>Grilovac\u00ed srub<\/h3>\n<\/section>\n<section data-id=\"1024079\" data-element_type=\"section\">\n<p>Origin\u00e1ln\u00ed d\u0159evostavba s ohni\u0161t\u011bm uprost\u0159ed nab\u00edz\u00ed \u00fatuln\u00e9 prost\u0159ed\u00ed k diskr\u00e9tn\u00edm firemn\u00edm jedn\u00e1n\u00edm, firemn\u00edmu ve\u010d\u00edrk\u016fm, romantick\u00e9 ve\u010de\u0159i s p\u0159\u00e1teli, oslav\u011b narozenin \u010di spole\u010densk\u00e9 p\u00e1rty. Nezapomenuteln\u00e1 atmosf\u00e9ra d\u0159ev\u011bn\u00e9ho srubu s kombinac\u00ed praskaj\u00edc\u00edho ohn\u011b, ochutn\u00e1vkou gastronomick\u00fdch specialit a dobr\u00e9ho piva \u010di v\u00edna je nenapodobiteln\u00e1 a sou\u010dasn\u011b univerz\u00e1ln\u00ed v mo\u017enostech vyu\u017eit\u00ed bez ohledu na po\u010das\u00ed nebo ro\u010dn\u00ed dobu. Pobyt je mo\u017en\u00e9 celoro\u010dn\u011b, a\u0165 u\u017e je l\u00e9to, \u010di prom\u011bnliv\u00e9 podzimn\u00ed nebo zcela mraziv\u00e9 po\u010das\u00ed. M\u00e1 vynikaj\u00edc\u00ed izola\u010dn\u00ed vlastnosti, nav\u00edc je vybavena klimatizac\u00ed.<\/p>\n<p>Jedine\u010dn\u00e9 m\u00edsto pro setk\u00e1v\u00e1n\u00ed, kter\u00e9 m\u016f\u017eete vyu\u017e\u00edt i Vy.<\/p>\n<p>kapacita 25 m\u00edst v uzav\u0159en\u00e9m srubu<br \/>sou\u010d\u00e1st\u00ed je grilovac\u00ed menu<br \/>srub je vybaven barem, chlazen\u00edm na pivo a lednic\u00ed, proto nen\u00ed probl\u00e9m zajistit kompletn\u00ed barov\u00fd servis v\u010detn\u011b obsluhuj\u00edc\u00edho person\u00e1lu<\/p>\n<\/section>\n","protected":false},"excerpt":{"rendered":"<p>Soukrom\u00e9 a firemn\u00ed akce, \u0161kolen\u00ed Chyst\u00e1te oslavu narozenin, setk\u00e1n\u00ed s p\u0159\u00e1teli nebo pl\u00e1nujete svatebn\u00ed hostinu \u0161itou na m\u00edru?Pot\u0159ebujete pro Va\u0161i firmu uspo\u0159\u00e1dat \u0161kolen\u00ed, semin\u00e1\u0159 \u010di team building?V\u0161e pro V\u00e1s r\u00e1di p\u0159iprav\u00edme:serv\u00edrovan\u00e9 \u010di rautov\u00e9 poho\u0161t\u011bn\u00edslavnostn\u00ed tabule s kv\u011btinovou v\u00fdzdobouCoffee breaks menu\u0159\u00edzen\u00e9 degustace v\u00edna Nab\u00eddnout V\u00e1m m\u016f\u017eeme :Skupina do 20 osobSkupina do [&hellip;]<\/p>\n","protected":false},"author":3,"featured_media":0,"parent":0,"menu_order":0,"comment_status":"closed","ping_status":"closed","template":"","meta":{"ngg_post_thumbnail":0,"footnotes":""},"_links":{"self":[{"href":"https:\/\/www.pizzerie-jasany.cz\/index.php\/wp-json\/wp\/v2\/pages\/148"}],"collection":[{"href":"https:\/\/www.pizzerie-jasany.cz\/index.php\/wp-json\/wp\/v2\/pages"}],"about":[{"href":"https:\/\/www.pizzerie-jasany.cz\/index.php\/wp-json\/wp\/v2\/types\/page"}],"author":[{"embeddable":true,"href":"https:\/\/www.pizzerie-jasany.cz\/index.php\/wp-json\/wp\/v2\/users\/3"}],"replies":[{"embeddable":true,"href":"https:\/\/www.pizzerie-jasany.cz\/index.php\/wp-json\/wp\/v2\/comments?post=148"}],"version-history":[{"count":7,"href":"https:\/\/www.pizzerie-jasany.cz\/index.php\/wp-json\/wp\/v2\/pages\/148\/revisions"}],"predecessor-version":[{"id":269,"href":"https:\/\/www.pizzerie-jasany.cz\/index.php\/wp-json\/wp\/v2\/pages\/148\/revisions\/269"}],"wp:attachment":[{"href":"https:\/\/www.pizzerie-jasany.cz\/index.php\/wp-json\/wp\/v2\/media?parent=148"}],"curies":[{"name":"wp","href":"https:\/\/api.w.org\/{rel}","templated":true}]}}